{"id":154,"date":"2020-01-05T20:30:54","date_gmt":"2020-01-05T17:30:54","guid":{"rendered":"http:\/\/hrv.parlakfikirleratolyesi.com\/?page_id=154"},"modified":"2025-12-08T15:58:13","modified_gmt":"2025-12-08T12:58:13","slug":"contact","status":"publish","type":"page","link":"https:\/\/hrv.com.tr\/en\/contact\/","title":{"rendered":"CONTACT"},"content":{"rendered":"<div class=\"wpb-content-wrapper\"><p>[vc_row][vc_column width=&#8221;2\/3&#8243;][vc_column_text el_class=&#8221;contactf&#8221;]<em><span style=\"color: #808080;\">If you have an enquiry please complete the following form and we will be in contact to discuss your needs.<\/span><\/em>[\/vc_column_text][vc_empty_space]\n<div class=\"wpcf7 no-js\" id=\"wpcf7-f277-o1\" lang=\"tr-TR\" dir=\"ltr\" data-wpcf7-id=\"277\">\n<div class=\"screen-reader-response\"><p role=\"status\" aria-live=\"polite\" aria-atomic=\"true\"><\/p> <ul><\/ul><\/div>\n<form action=\"\/en\/wp-json\/wp\/v2\/pages\/154#wpcf7-f277-o1\" method=\"post\" class=\"wpcf7-form init\" aria-label=\"\u0130leti\u015fim Formu\" novalidate=\"novalidate\" data-status=\"init\">\n<div style=\"display: none;\">\n<input type=\"hidden\" name=\"_wpcf7\" value=\"277\" \/>\n<input type=\"hidden\" name=\"_wpcf7_version\" value=\"6.0.6\" \/>\n<input type=\"hidden\" name=\"_wpcf7_locale\" value=\"tr_TR\" \/>\n<input type=\"hidden\" name=\"_wpcf7_unit_tag\" value=\"wpcf7-f277-o1\" \/>\n<input type=\"hidden\" name=\"_wpcf7_container_post\" value=\"0\" \/>\n<input type=\"hidden\" name=\"_wpcf7_posted_data_hash\" value=\"\" \/>\n<\/div>\n<form class=\"js-form\" novalidate=\"novalidate\">\n\t<div class=\"row\">\n\t\t<div class=\"form-group col-sm-6 col-lg-4\">\n\t\t\t<p><span class=\"wpcf7-form-control-wrap\" data-name=\"text-527\"><input size=\"40\" maxlength=\"400\" class=\"wpcf7-form-control wpcf7-text wpcf7-validates-as-required input-gray\" aria-required=\"true\" aria-invalid=\"false\" placeholder=\"Name\" value=\"\" type=\"text\" name=\"text-527\" \/><\/span>\n\t\t\t<\/p>\n\t\t<\/div>\n\t\t<div class=\"form-group col-sm-6 col-lg-4\">\n\t\t\t<p><span class=\"wpcf7-form-control-wrap\" data-name=\"email-264\"><input size=\"40\" maxlength=\"400\" class=\"wpcf7-form-control wpcf7-email wpcf7-validates-as-required wpcf7-text wpcf7-validates-as-email input-gray\" aria-required=\"true\" aria-invalid=\"false\" placeholder=\"Email\" value=\"\" type=\"email\" name=\"email-264\" \/><\/span>\n\t\t\t<\/p>\n\t\t<\/div>\n\t\t<div class=\"form-group col-sm-6 col-lg-4\">\n\t\t\t<p><span class=\"wpcf7-form-control-wrap\" data-name=\"text-368\"><input size=\"40\" maxlength=\"400\" class=\"wpcf7-form-control wpcf7-text input-gray\" aria-invalid=\"false\" placeholder=\"Subject\" value=\"\" type=\"text\" name=\"text-368\" \/><\/span>\n\t\t\t<\/p>\n\t\t<\/div>\n\t\t<div class=\"form-group col-sm-12\">\n\t\t\t<p><span class=\"wpcf7-form-control-wrap\" data-name=\"textarea-721\"><textarea cols=\"40\" rows=\"10\" maxlength=\"2000\" class=\"wpcf7-form-control wpcf7-textarea wpcf7-validates-as-required input-gray\" aria-required=\"true\" aria-invalid=\"false\" placeholder=\"Message\" name=\"textarea-721\"><\/textarea><\/span>\n\t\t\t<\/p>\n\t\t<\/div>\n\t\t<div class=\"col-sm-12\">\n\t\t\t<p><input class=\"wpcf7-form-control wpcf7-submit has-spinner btn-upper btn-yellow btn\" type=\"submit\" value=\"Contact\" \/>\n\t\t\t<\/p>\n\t\t<\/div>\n\t<\/div>\n<\/form><div class=\"wpcf7-response-output\" aria-hidden=\"true\"><\/div>\n<\/form>\n<\/div>\n[vc_empty_space][\/vc_column][vc_column width=&#8221;1\/3&#8243;][vc_column_text css=&#8221;&#8221; el_class=&#8221;contact23&#8243;]<em><span style=\"color: #b33424;\">Adres\u00a0 \u00a0 : <span style=\"color: #808080;\">Yar\u0131mburgaz Mahallesi Turgut \u00d6zal Bulvar\u0131 No:37 daire:9 Halkal\u0131 K\u00fc\u00e7\u00fck\u00e7ekmece \/ Istanbul &#8211; TURKEY<\/span><\/span><\/em><\/p>\n<p><em><span style=\"color: #b33424;\">Telefon :\u00a0<\/span><span style=\"color: #808080;\">+90 212 678 00 35<\/span><\/em><br \/>\n<em><span style=\"color: #b33424;\">E-posta :<\/span>\u00a0<span style=\"color: #808080;\">hrv@hrv.com.tr<\/span><\/em>[\/vc_column_text][\/vc_column][\/vc_row][vc_row][vc_column][vc_empty_space][\/vc_column][\/vc_row][vc_row][vc_column][vc_column_text css=&#8221;&#8221;]<iframe loading=\"lazy\" style=\"border: 0;\" src=\"https:\/\/www.google.com\/maps\/embed?pb=!1m17!1m12!1m3!1d40499.60743473704!2d28.73337439771404!3d41.021944995634826!2m3!1f0!2f0!3f0!3m2!1i1024!2i768!4f13.1!3m2!1m1!2zNDHCsDAyJzE5LjYiTiAyOMKwNDUnNDEuMSJF!5e0!3m2!1str!2str!4v1765198613935!5m2!1str!2str\" width=\"1100\" height=\"550\" allowfullscreen=\"allowfullscreen\"><\/iframe>[\/vc_column_text][\/vc_column][\/vc_row][vc_row][vc_column][vc_empty_space][\/vc_column][\/vc_row]<\/p>\n<\/div>","protected":false},"excerpt":{"rendered":"<p>[vc_row][vc_column width=&#8221;2\/3&#8243;][vc_column_text el_class=&#8221;contactf&#8221;]If you have an enquiry please complete the following form and we will be in contact to discuss your needs.[\/vc_column_text][vc_empty_space][vc_empty_space][\/vc_column][vc_column width=&#8221;1\/3&#8243;][vc_column_text css=&#8221;&#8221; el_class=&#8221;contact23&#8243;]Adres\u00a0 \u00a0 : Yar\u0131mburgaz Mahallesi Turgut \u00d6zal Bulvar\u0131 No:37 daire:9 Halkal\u0131 K\u00fc\u00e7\u00fck\u00e7ekmece \/ Istanbul &#8211; TURKEY Telefon :\u00a0+90 212 678 00 35 E-posta :\u00a0hrv@hrv.com.tr[\/vc_column_text][\/vc_column][\/vc_row][vc_row][vc_column][vc_empty_space][\/vc_column][\/vc_row][vc_row][vc_column][vc_column_text css=&#8221;&#8221;][\/vc_column_text][\/vc_column][\/vc_row][vc_row][vc_column][vc_empty_space][\/vc_column][\/vc_row]<\/p>\n","protected":false},"author":1,"featured_media":0,"parent":0,"menu_order":0,"comment_status":"closed","ping_status":"closed","template":"","meta":{"footnotes":""},"class_list":["post-154","page","type-page","status-publish","hentry","readmore-type-button"],"_links":{"self":[{"href":"https:\/\/hrv.com.tr\/en\/wp-json\/wp\/v2\/pages\/154","targetHints":{"allow":["GET"]}}],"collection":[{"href":"https:\/\/hrv.com.tr\/en\/wp-json\/wp\/v2\/pages"}],"about":[{"href":"https:\/\/hrv.com.tr\/en\/wp-json\/wp\/v2\/types\/page"}],"author":[{"embeddable":true,"href":"https:\/\/hrv.com.tr\/en\/wp-json\/wp\/v2\/users\/1"}],"replies":[{"embeddable":true,"href":"https:\/\/hrv.com.tr\/en\/wp-json\/wp\/v2\/comments?post=154"}],"version-history":[{"count":52,"href":"https:\/\/hrv.com.tr\/en\/wp-json\/wp\/v2\/pages\/154\/revisions"}],"predecessor-version":[{"id":1195,"href":"https:\/\/hrv.com.tr\/en\/wp-json\/wp\/v2\/pages\/154\/revisions\/1195"}],"wp:attachment":[{"href":"https:\/\/hrv.com.tr\/en\/wp-json\/wp\/v2\/media?parent=154"}],"curies":[{"name":"wp","href":"https:\/\/api.w.org\/{rel}","templated":true}]}}